{"id":27,"date":"2023-11-20T18:35:47","date_gmt":"2023-11-20T18:35:47","guid":{"rendered":"https:\/\/sucursalsalsa.com\/?page_id=27"},"modified":"2023-11-20T20:28:57","modified_gmt":"2023-11-20T20:28:57","slug":"esperalo","status":"publish","type":"page","link":"https:\/\/sucursalsalsa.com\/","title":{"rendered":"Esp\u00e9ralo"},"content":{"rendered":"\t\t<div data-elementor-type=\"wp-page\" data-elementor-id=\"27\" class=\"elementor elementor-27\" data-elementor-settings=\"[]\">\n\t\t\t\t\t\t\t<div class=\"elementor-section-wrap\">\n\t\t\t\t\t\t\t<section class=\"elementor-section elementor-top-section elementor-element elementor-element-6862f40 elementor-section-full_width elementor-section-height-default elementor-section-height-default\" data-id=\"6862f40\" data-element_type=\"section\">\n\t\t\t\t\t\t<div class=\"elementor-container elementor-column-gap-default\">\n\t\t\t\t\t<div class=\"elementor-column elementor-col-100 elementor-top-column elementor-element elementor-element-0728fb5\" data-id=\"0728fb5\" data-element_type=\"column\">\n\t\t\t<div class=\"elementor-widget-wrap elementor-element-populated\">\n\t\t\t\t\t\t\t\t<div class=\"elementor-element elementor-element-aa7ef2f elementor-invisible elementor-widget elementor-widget-image\" data-id=\"aa7ef2f\" data-element_type=\"widget\" data-settings=\"{&quot;_animation&quot;:&quot;zoomIn&quot;}\" data-widget_type=\"image.default\">\n\t\t\t\t<div class=\"elementor-widget-container\">\n\t\t\t\t\t\t\t\t\t\t\t\t\t\t\t<img width=\"961\" height=\"540\" src=\"https:\/\/sucursalsalsa.com\/wp-content\/uploads\/2023\/11\/Mesa-de-trabajo-1-100.jpg\" class=\"attachment-full size-full\" alt=\"\" loading=\"lazy\" srcset=\"https:\/\/sucursalsalsa.com\/wp-content\/uploads\/2023\/11\/Mesa-de-trabajo-1-100.jpg 961w, https:\/\/sucursalsalsa.com\/wp-content\/uploads\/2023\/11\/Mesa-de-trabajo-1-100-300x169.jpg 300w, https:\/\/sucursalsalsa.com\/wp-content\/uploads\/2023\/11\/Mesa-de-trabajo-1-100-768x432.jpg 768w\" sizes=\"(max-width: 961px) 100vw, 961px\" \/>\t\t\t\t\t\t\t\t\t\t\t\t\t\t\t<\/div>\n\t\t\t\t<\/div>\n\t\t\t\t<div class=\"elementor-element elementor-element-4fbb4af elementor-view-default elementor-invisible elementor-widget elementor-widget-icon\" data-id=\"4fbb4af\" data-element_type=\"widget\" data-settings=\"{&quot;_animation&quot;:&quot;zoomInUp&quot;}\" data-widget_type=\"icon.default\">\n\t\t\t\t<div class=\"elementor-widget-container\">\n\t\t\t\t\t<div class=\"elementor-icon-wrapper\">\n\t\t\t<div class=\"elementor-icon elementor-animation-pulse\">\n\t\t\t<i aria-hidden=\"true\" class=\"fas fa-film\"><\/i>\t\t\t<\/div>\n\t\t<\/div>\n\t\t\t\t<\/div>\n\t\t\t\t<\/div>\n\t\t\t\t<div class=\"elementor-element elementor-element-3b6e284 elementor-invisible elementor-widget elementor-widget-heading\" data-id=\"3b6e284\" data-element_type=\"widget\" data-settings=\"{&quot;_animation&quot;:&quot;fadeInUp&quot;}\" data-widget_type=\"heading.default\">\n\t\t\t\t<div class=\"elementor-widget-container\">\n\t\t\t<h3 class=\"elementor-heading-title elementor-size-default\">\u00a1Estamos en proceso de producci\u00f3n (grabaci\u00f3n) para nuestro seriado!<\/h3>\t\t<\/div>\n\t\t\t\t<\/div>\n\t\t\t\t\t<\/div>\n\t\t<\/div>\n\t\t\t\t\t\t\t<\/div>\n\t\t<\/section>\n\t\t\t\t<section class=\"elementor-section elementor-top-section elementor-element elementor-element-9fde017 elementor-section-full_width elementor-section-height-default elementor-section-height-default\" data-id=\"9fde017\" data-element_type=\"section\">\n\t\t\t\t\t\t<div class=\"elementor-container elementor-column-gap-default\">\n\t\t\t\t\t<div class=\"elementor-column elementor-col-100 elementor-top-column elementor-element elementor-element-09f78bc\" data-id=\"09f78bc\" data-element_type=\"column\">\n\t\t\t<div class=\"elementor-widget-wrap elementor-element-populated\">\n\t\t\t\t\t\t\t\t<div class=\"elementor-element elementor-element-97a841e elementor-view-default elementor-invisible elementor-widget elementor-widget-icon\" data-id=\"97a841e\" data-element_type=\"widget\" data-settings=\"{&quot;_animation&quot;:&quot;zoomInUp&quot;}\" data-widget_type=\"icon.default\">\n\t\t\t\t<div class=\"elementor-widget-container\">\n\t\t\t\t\t<div class=\"elementor-icon-wrapper\">\n\t\t\t<div class=\"elementor-icon elementor-animation-pulse-grow\">\n\t\t\t<i aria-hidden=\"true\" class=\"fas fa-camera\"><\/i>\t\t\t<\/div>\n\t\t<\/div>\n\t\t\t\t<\/div>\n\t\t\t\t<\/div>\n\t\t\t\t<div class=\"elementor-element elementor-element-a3f3f56 elementor-invisible elementor-widget elementor-widget-image\" data-id=\"a3f3f56\" data-element_type=\"widget\" data-settings=\"{&quot;_animation&quot;:&quot;zoomInUp&quot;}\" data-widget_type=\"image.default\">\n\t\t\t\t<div class=\"elementor-widget-container\">\n\t\t\t\t\t\t\t\t\t\t\t\t\t\t\t<img width=\"961\" height=\"540\" src=\"https:\/\/sucursalsalsa.com\/wp-content\/uploads\/2023\/11\/Mesa-de-trabajo-2-100.jpg\" class=\"elementor-animation-shrink attachment-full size-full\" alt=\"\" loading=\"lazy\" srcset=\"https:\/\/sucursalsalsa.com\/wp-content\/uploads\/2023\/11\/Mesa-de-trabajo-2-100.jpg 961w, https:\/\/sucursalsalsa.com\/wp-content\/uploads\/2023\/11\/Mesa-de-trabajo-2-100-300x169.jpg 300w, https:\/\/sucursalsalsa.com\/wp-content\/uploads\/2023\/11\/Mesa-de-trabajo-2-100-768x432.jpg 768w\" sizes=\"(max-width: 961px) 100vw, 961px\" \/>\t\t\t\t\t\t\t\t\t\t\t\t\t\t\t<\/div>\n\t\t\t\t<\/div>\n\t\t\t\t\t<\/div>\n\t\t<\/div>\n\t\t\t\t\t\t\t<\/div>\n\t\t<\/section>\n\t\t\t\t<section class=\"elementor-section elementor-top-section elementor-element elementor-element-98ad154 elementor-section-full_width elementor-section-height-default elementor-section-height-default\" data-id=\"98ad154\" data-element_type=\"section\">\n\t\t\t\t\t\t<div class=\"elementor-container elementor-column-gap-default\">\n\t\t\t\t\t<div class=\"elementor-column elementor-col-100 elementor-top-column elementor-element elementor-element-b04435f\" data-id=\"b04435f\" data-element_type=\"column\">\n\t\t\t<div class=\"elementor-widget-wrap elementor-element-populated\">\n\t\t\t\t\t\t\t\t<div class=\"elementor-element elementor-element-d0a175e elementor-invisible elementor-widget elementor-widget-image\" data-id=\"d0a175e\" data-element_type=\"widget\" data-settings=\"{&quot;_animation&quot;:&quot;zoomInUp&quot;}\" data-widget_type=\"image.default\">\n\t\t\t\t<div class=\"elementor-widget-container\">\n\t\t\t\t\t\t\t\t\t\t\t\t\t\t\t<img width=\"961\" height=\"540\" src=\"https:\/\/sucursalsalsa.com\/wp-content\/uploads\/2023\/11\/Mesa-de-trabajo-3-100.jpg\" class=\"elementor-animation-shrink attachment-full size-full\" alt=\"\" loading=\"lazy\" srcset=\"https:\/\/sucursalsalsa.com\/wp-content\/uploads\/2023\/11\/Mesa-de-trabajo-3-100.jpg 961w, https:\/\/sucursalsalsa.com\/wp-content\/uploads\/2023\/11\/Mesa-de-trabajo-3-100-300x169.jpg 300w, https:\/\/sucursalsalsa.com\/wp-content\/uploads\/2023\/11\/Mesa-de-trabajo-3-100-768x432.jpg 768w\" sizes=\"(max-width: 961px) 100vw, 961px\" \/>\t\t\t\t\t\t\t\t\t\t\t\t\t\t\t<\/div>\n\t\t\t\t<\/div>\n\t\t\t\t\t<\/div>\n\t\t<\/div>\n\t\t\t\t\t\t\t<\/div>\n\t\t<\/section>\n\t\t\t\t<section class=\"elementor-section elementor-top-section elementor-element elementor-element-817562e elementor-section-full_width elementor-section-height-default elementor-section-height-default\" data-id=\"817562e\" data-element_type=\"section\">\n\t\t\t\t\t\t<div class=\"elementor-container elementor-column-gap-default\">\n\t\t\t\t\t<div class=\"elementor-column elementor-col-100 elementor-top-column elementor-element elementor-element-67fce32\" data-id=\"67fce32\" data-element_type=\"column\">\n\t\t\t<div class=\"elementor-widget-wrap elementor-element-populated\">\n\t\t\t\t\t\t\t\t<div class=\"elementor-element elementor-element-60dce1f elementor-invisible elementor-widget elementor-widget-image\" data-id=\"60dce1f\" data-element_type=\"widget\" data-settings=\"{&quot;_animation&quot;:&quot;zoomInUp&quot;}\" data-widget_type=\"image.default\">\n\t\t\t\t<div class=\"elementor-widget-container\">\n\t\t\t\t\t\t\t\t\t\t\t\t\t\t\t<img width=\"961\" height=\"540\" src=\"https:\/\/sucursalsalsa.com\/wp-content\/uploads\/2023\/11\/Mesa-de-trabajo-4-100.jpg\" class=\"elementor-animation-shrink attachment-full size-full\" alt=\"\" loading=\"lazy\" srcset=\"https:\/\/sucursalsalsa.com\/wp-content\/uploads\/2023\/11\/Mesa-de-trabajo-4-100.jpg 961w, https:\/\/sucursalsalsa.com\/wp-content\/uploads\/2023\/11\/Mesa-de-trabajo-4-100-300x169.jpg 300w, https:\/\/sucursalsalsa.com\/wp-content\/uploads\/2023\/11\/Mesa-de-trabajo-4-100-768x432.jpg 768w\" sizes=\"(max-width: 961px) 100vw, 961px\" \/>\t\t\t\t\t\t\t\t\t\t\t\t\t\t\t<\/div>\n\t\t\t\t<\/div>\n\t\t\t\t\t<\/div>\n\t\t<\/div>\n\t\t\t\t\t\t\t<\/div>\n\t\t<\/section>\n\t\t\t\t<section class=\"elementor-section elementor-top-section elementor-element elementor-element-848c6f2 elementor-section-full_width elementor-section-height-default elementor-section-height-default\" data-id=\"848c6f2\" data-element_type=\"section\">\n\t\t\t\t\t\t<div class=\"elementor-container elementor-column-gap-default\">\n\t\t\t\t\t<div class=\"elementor-column elementor-col-100 elementor-top-column elementor-element elementor-element-4656086\" data-id=\"4656086\" data-element_type=\"column\">\n\t\t\t<div class=\"elementor-widget-wrap elementor-element-populated\">\n\t\t\t\t\t\t\t\t<div class=\"elementor-element elementor-element-9a8a5c4 elementor-invisible elementor-widget elementor-widget-image\" data-id=\"9a8a5c4\" data-element_type=\"widget\" data-settings=\"{&quot;_animation&quot;:&quot;zoomInUp&quot;}\" data-widget_type=\"image.default\">\n\t\t\t\t<div class=\"elementor-widget-container\">\n\t\t\t\t\t\t\t\t\t\t\t\t\t\t\t<img width=\"961\" height=\"540\" src=\"https:\/\/sucursalsalsa.com\/wp-content\/uploads\/2023\/11\/Mesa-de-trabajo-6-100.jpg\" class=\"elementor-animation-shrink attachment-full size-full\" alt=\"\" loading=\"lazy\" srcset=\"https:\/\/sucursalsalsa.com\/wp-content\/uploads\/2023\/11\/Mesa-de-trabajo-6-100.jpg 961w, https:\/\/sucursalsalsa.com\/wp-content\/uploads\/2023\/11\/Mesa-de-trabajo-6-100-300x169.jpg 300w, https:\/\/sucursalsalsa.com\/wp-content\/uploads\/2023\/11\/Mesa-de-trabajo-6-100-768x432.jpg 768w\" sizes=\"(max-width: 961px) 100vw, 961px\" \/>\t\t\t\t\t\t\t\t\t\t\t\t\t\t\t<\/div>\n\t\t\t\t<\/div>\n\t\t\t\t\t<\/div>\n\t\t<\/div>\n\t\t\t\t\t\t\t<\/div>\n\t\t<\/section>\n\t\t\t\t<section class=\"elementor-section elementor-top-section elementor-element elementor-element-7c323ad elementor-section-full_width elementor-section-height-default elementor-section-height-default\" data-id=\"7c323ad\" data-element_type=\"section\">\n\t\t\t\t\t\t<div class=\"elementor-container elementor-column-gap-default\">\n\t\t\t\t\t<div class=\"elementor-column elementor-col-100 elementor-top-column elementor-element elementor-element-6f4c1e4\" data-id=\"6f4c1e4\" data-element_type=\"column\">\n\t\t\t<div class=\"elementor-widget-wrap\">\n\t\t\t\t\t\t\t\t\t<\/div>\n\t\t<\/div>\n\t\t\t\t\t\t\t<\/div>\n\t\t<\/section>\n\t\t\t\t<section class=\"elementor-section elementor-top-section elementor-element elementor-element-2e666df elementor-section-full_width elementor-section-height-default elementor-section-height-default\" data-id=\"2e666df\" data-element_type=\"section\">\n\t\t\t\t\t\t<div class=\"elementor-container elementor-column-gap-default\">\n\t\t\t\t\t<div class=\"elementor-column elementor-col-100 elementor-top-column elementor-element elementor-element-31c3f27\" data-id=\"31c3f27\" data-element_type=\"column\">\n\t\t\t<div class=\"elementor-widget-wrap elementor-element-populated\">\n\t\t\t\t\t\t\t\t<div class=\"elementor-element elementor-element-89d400f elementor-invisible elementor-widget elementor-widget-image\" data-id=\"89d400f\" data-element_type=\"widget\" data-settings=\"{&quot;_animation&quot;:&quot;zoomInUp&quot;}\" data-widget_type=\"image.default\">\n\t\t\t\t<div class=\"elementor-widget-container\">\n\t\t\t\t\t\t\t\t\t\t\t\t\t\t\t<img width=\"961\" height=\"540\" src=\"https:\/\/sucursalsalsa.com\/wp-content\/uploads\/2023\/11\/teamMesa-de-trabajo-1-100.jpg\" class=\"elementor-animation-shrink attachment-full size-full\" alt=\"\" loading=\"lazy\" srcset=\"https:\/\/sucursalsalsa.com\/wp-content\/uploads\/2023\/11\/teamMesa-de-trabajo-1-100.jpg 961w, https:\/\/sucursalsalsa.com\/wp-content\/uploads\/2023\/11\/teamMesa-de-trabajo-1-100-300x169.jpg 300w, https:\/\/sucursalsalsa.com\/wp-content\/uploads\/2023\/11\/teamMesa-de-trabajo-1-100-768x432.jpg 768w\" sizes=\"(max-width: 961px) 100vw, 961px\" \/>\t\t\t\t\t\t\t\t\t\t\t\t\t\t\t<\/div>\n\t\t\t\t<\/div>\n\t\t\t\t<div class=\"elementor-element elementor-element-661c01d elementor-invisible elementor-widget elementor-widget-image\" data-id=\"661c01d\" data-element_type=\"widget\" data-settings=\"{&quot;_animation&quot;:&quot;zoomInUp&quot;}\" data-widget_type=\"image.default\">\n\t\t\t\t<div class=\"elementor-widget-container\">\n\t\t\t\t\t\t\t\t\t\t\t\t\t\t\t<img width=\"961\" height=\"540\" src=\"https:\/\/sucursalsalsa.com\/wp-content\/uploads\/2023\/11\/Mesa-de-trabajo-16-100.jpg\" class=\"elementor-animation-shrink attachment-full size-full\" alt=\"\" loading=\"lazy\" srcset=\"https:\/\/sucursalsalsa.com\/wp-content\/uploads\/2023\/11\/Mesa-de-trabajo-16-100.jpg 961w, https:\/\/sucursalsalsa.com\/wp-content\/uploads\/2023\/11\/Mesa-de-trabajo-16-100-300x169.jpg 300w, https:\/\/sucursalsalsa.com\/wp-content\/uploads\/2023\/11\/Mesa-de-trabajo-16-100-768x432.jpg 768w\" sizes=\"(max-width: 961px) 100vw, 961px\" \/>\t\t\t\t\t\t\t\t\t\t\t\t\t\t\t<\/div>\n\t\t\t\t<\/div>\n\t\t\t\t<div class=\"elementor-element elementor-element-66666ab elementor-invisible elementor-widget elementor-widget-image\" data-id=\"66666ab\" data-element_type=\"widget\" data-settings=\"{&quot;_animation&quot;:&quot;zoomIn&quot;}\" data-widget_type=\"image.default\">\n\t\t\t\t<div class=\"elementor-widget-container\">\n\t\t\t\t\t\t\t\t\t\t\t\t\t\t\t<img width=\"961\" height=\"86\" src=\"https:\/\/sucursalsalsa.com\/wp-content\/uploads\/2023\/11\/Mesa-de-trabajo-20-100-e1700508539631.jpg\" class=\"elementor-animation-shrink attachment-full size-full\" alt=\"\" loading=\"lazy\" srcset=\"https:\/\/sucursalsalsa.com\/wp-content\/uploads\/2023\/11\/Mesa-de-trabajo-20-100-e1700508539631.jpg 961w, https:\/\/sucursalsalsa.com\/wp-content\/uploads\/2023\/11\/Mesa-de-trabajo-20-100-e1700508539631-300x27.jpg 300w, https:\/\/sucursalsalsa.com\/wp-content\/uploads\/2023\/11\/Mesa-de-trabajo-20-100-e1700508539631-768x69.jpg 768w\" sizes=\"(max-width: 961px) 100vw, 961px\" \/>\t\t\t\t\t\t\t\t\t\t\t\t\t\t\t<\/div>\n\t\t\t\t<\/div>\n\t\t\t\t\t<\/div>\n\t\t<\/div>\n\t\t\t\t\t\t\t<\/div>\n\t\t<\/section>\n\t\t\t\t<section class=\"elementor-section elementor-top-section elementor-element elementor-element-79ed989 elementor-section-full_width elementor-section-height-default elementor-section-height-default\" data-id=\"79ed989\" data-element_type=\"section\">\n\t\t\t\t\t\t<div class=\"elementor-container elementor-column-gap-default\">\n\t\t\t\t\t<div class=\"elementor-column elementor-col-100 elementor-top-column elementor-element elementor-element-1420c72\" data-id=\"1420c72\" data-element_type=\"column\">\n\t\t\t<div class=\"elementor-widget-wrap\">\n\t\t\t\t\t\t\t\t\t<\/div>\n\t\t<\/div>\n\t\t\t\t\t\t\t<\/div>\n\t\t<\/section>\n\t\t\t\t<section class=\"elementor-section elementor-top-section elementor-element elementor-element-6abe09a elementor-section-boxed elementor-section-height-default elementor-section-height-default\" data-id=\"6abe09a\" data-element_type=\"section\">\n\t\t\t\t\t\t<div class=\"elementor-container elementor-column-gap-default\">\n\t\t\t\t\t<div class=\"elementor-column elementor-col-50 elementor-top-column elementor-element elementor-element-bfb78df\" data-id=\"bfb78df\" data-element_type=\"column\">\n\t\t\t<div class=\"elementor-widget-wrap elementor-element-populated\">\n\t\t\t\t\t\t\t\t<div class=\"elementor-element elementor-element-71bc6de elementor-widget elementor-widget-spacer\" data-id=\"71bc6de\" data-element_type=\"widget\" data-widget_type=\"spacer.default\">\n\t\t\t\t<div class=\"elementor-widget-container\">\n\t\t\t\t\t<div class=\"elementor-spacer\">\n\t\t\t<div class=\"elementor-spacer-inner\"><\/div>\n\t\t<\/div>\n\t\t\t\t<\/div>\n\t\t\t\t<\/div>\n\t\t\t\t<div class=\"elementor-element elementor-element-d51e629 elementor-aspect-ratio-169 elementor-invisible elementor-widget elementor-widget-video\" data-id=\"d51e629\" data-element_type=\"widget\" data-settings=\"{&quot;youtube_url&quot;:&quot;https:\\\/\\\/www.youtube.com\\\/watch?v=p0V0pjXbVLU&quot;,&quot;_animation&quot;:&quot;zoomInLeft&quot;,&quot;video_type&quot;:&quot;youtube&quot;,&quot;controls&quot;:&quot;yes&quot;,&quot;aspect_ratio&quot;:&quot;169&quot;}\" data-widget_type=\"video.default\">\n\t\t\t\t<div class=\"elementor-widget-container\">\n\t\t\t\t\t<div class=\"elementor-wrapper elementor-fit-aspect-ratio elementor-open-inline\">\n\t\t\t<div class=\"elementor-video\"><\/div>\t\t<\/div>\n\t\t\t\t<\/div>\n\t\t\t\t<\/div>\n\t\t\t\t\t<\/div>\n\t\t<\/div>\n\t\t\t\t<div class=\"elementor-column elementor-col-50 elementor-top-column elementor-element elementor-element-ff47d64\" data-id=\"ff47d64\" data-element_type=\"column\">\n\t\t\t<div class=\"elementor-widget-wrap elementor-element-populated\">\n\t\t\t\t\t\t\t\t<div class=\"elementor-element elementor-element-481c2b2 elementor-invisible elementor-widget elementor-widget-image\" data-id=\"481c2b2\" data-element_type=\"widget\" data-settings=\"{&quot;_animation&quot;:&quot;zoomInRight&quot;}\" data-widget_type=\"image.default\">\n\t\t\t\t<div class=\"elementor-widget-container\">\n\t\t\t\t\t\t\t\t\t\t\t\t\t\t\t<img width=\"574\" height=\"391\" src=\"https:\/\/sucursalsalsa.com\/wp-content\/uploads\/2023\/11\/Mesa-de-trabajo-20-100-1-e1700508624272.jpg\" class=\"elementor-animation-shrink attachment-large size-large\" alt=\"\" loading=\"lazy\" srcset=\"https:\/\/sucursalsalsa.com\/wp-content\/uploads\/2023\/11\/Mesa-de-trabajo-20-100-1-e1700508624272.jpg 574w, https:\/\/sucursalsalsa.com\/wp-content\/uploads\/2023\/11\/Mesa-de-trabajo-20-100-1-e1700508624272-300x204.jpg 300w\" sizes=\"(max-width: 574px) 100vw, 574px\" \/>\t\t\t\t\t\t\t\t\t\t\t\t\t\t\t<\/div>\n\t\t\t\t<\/div>\n\t\t\t\t\t<\/div>\n\t\t<\/div>\n\t\t\t\t\t\t\t<\/div>\n\t\t<\/section>\n\t\t\t\t<section class=\"elementor-section elementor-top-section elementor-element elementor-element-5673d58 elementor-section-full_width elementor-section-height-default elementor-section-height-default\" data-id=\"5673d58\" data-element_type=\"section\" data-settings=\"{&quot;background_background&quot;:&quot;gradient&quot;}\">\n\t\t\t\t\t\t<div class=\"elementor-container elementor-column-gap-default\">\n\t\t\t\t\t<div class=\"elementor-column elementor-col-100 elementor-top-column elementor-element elementor-element-768c69e\" data-id=\"768c69e\" data-element_type=\"column\">\n\t\t\t<div class=\"elementor-widget-wrap elementor-element-populated\">\n\t\t\t\t\t\t\t\t<div class=\"elementor-element elementor-element-5d40b38 elementor-widget-divider--view-line elementor-widget elementor-widget-divider\" data-id=\"5d40b38\" data-element_type=\"widget\" data-widget_type=\"divider.default\">\n\t\t\t\t<div class=\"elementor-widget-container\">\n\t\t\t\t\t<div class=\"elementor-divider\">\n\t\t\t<span class=\"elementor-divider-separator\">\n\t\t\t\t\t\t<\/span>\n\t\t<\/div>\n\t\t\t\t<\/div>\n\t\t\t\t<\/div>\n\t\t\t\t<div class=\"elementor-element elementor-element-37a8de1 elementor-invisible elementor-widget elementor-widget-heading\" data-id=\"37a8de1\" data-element_type=\"widget\" data-settings=\"{&quot;_animation&quot;:&quot;fadeInUp&quot;}\" data-widget_type=\"heading.default\">\n\t\t\t\t<div class=\"elementor-widget-container\">\n\t\t\t<h5 class=\"elementor-heading-title elementor-size-default\">Agradecemos a todas las entidades p\u00fablicas y privadas que han ayudado y\/o colaborado de alguna forma la realizaci\u00f3n de este proyecto<\/h5>\t\t<\/div>\n\t\t\t\t<\/div>\n\t\t\t\t<div class=\"elementor-element elementor-element-6fbf9e6 elementor-invisible elementor-widget elementor-widget-heading\" data-id=\"6fbf9e6\" data-element_type=\"widget\" data-settings=\"{&quot;_animation&quot;:&quot;fadeInUp&quot;}\" data-widget_type=\"heading.default\">\n\t\t\t\t<div class=\"elementor-widget-container\">\n\t\t\t<h4 class=\"elementor-heading-title elementor-size-default\">Todos los derechos reservados - 2023<\/h4>\t\t<\/div>\n\t\t\t\t<\/div>\n\t\t\t\t<div class=\"elementor-element elementor-element-3ac0d74 elementor-invisible elementor-widget elementor-widget-image\" data-id=\"3ac0d74\" data-element_type=\"widget\" data-settings=\"{&quot;_animation&quot;:&quot;fadeInUp&quot;}\" data-widget_type=\"image.default\">\n\t\t\t\t<div class=\"elementor-widget-container\">\n\t\t\t\t\t\t\t\t\t\t\t\t\t\t\t<img width=\"300\" height=\"238\" src=\"https:\/\/sucursalsalsa.com\/wp-content\/uploads\/2021\/12\/LOGO-ORIGINAL-SUCURSAL-SALSA-CON-BICHOFUE-300x238.png\" class=\"elementor-animation-sink attachment-medium size-medium\" alt=\"\" loading=\"lazy\" srcset=\"https:\/\/sucursalsalsa.com\/wp-content\/uploads\/2021\/12\/LOGO-ORIGINAL-SUCURSAL-SALSA-CON-BICHOFUE-300x238.png 300w, https:\/\/sucursalsalsa.com\/wp-content\/uploads\/2021\/12\/LOGO-ORIGINAL-SUCURSAL-SALSA-CON-BICHOFUE-1024x813.png 1024w, https:\/\/sucursalsalsa.com\/wp-content\/uploads\/2021\/12\/LOGO-ORIGINAL-SUCURSAL-SALSA-CON-BICHOFUE-768x610.png 768w, https:\/\/sucursalsalsa.com\/wp-content\/uploads\/2021\/12\/LOGO-ORIGINAL-SUCURSAL-SALSA-CON-BICHOFUE-1536x1220.png 1536w, https:\/\/sucursalsalsa.com\/wp-content\/uploads\/2021\/12\/LOGO-ORIGINAL-SUCURSAL-SALSA-CON-BICHOFUE.png 1673w\" sizes=\"(max-width: 300px) 100vw, 300px\" \/>\t\t\t\t\t\t\t\t\t\t\t\t\t\t\t<\/div>\n\t\t\t\t<\/div>\n\t\t\t\t<div class=\"elementor-element elementor-element-d312e38 elementor-widget elementor-widget-spacer\" data-id=\"d312e38\" data-element_type=\"widget\" data-widget_type=\"spacer.default\">\n\t\t\t\t<div class=\"elementor-widget-container\">\n\t\t\t\t\t<div class=\"elementor-spacer\">\n\t\t\t<div class=\"elementor-spacer-inner\"><\/div>\n\t\t<\/div>\n\t\t\t\t<\/div>\n\t\t\t\t<\/div>\n\t\t\t\t\t<\/div>\n\t\t<\/div>\n\t\t\t\t\t\t\t<\/div>\n\t\t<\/section>\n\t\t\t\t\t\t<\/div>\n\t\t\t\t\t<\/div>\n\t\t","protected":false},"excerpt":{"rendered":"<p>\u00a1Estamos en proceso de producci\u00f3n (grabaci\u00f3n) para nuestro seriado! Agradecemos a todas las entidades p\u00fablicas y privadas que han ayudado y\/o colaborado de alguna forma la realizaci\u00f3n de este proyecto Todos los derechos reservados &#8211; 2023<\/p>\n","protected":false},"author":1,"featured_media":0,"parent":0,"menu_order":0,"comment_status":"closed","ping_status":"closed","template":"elementor_canvas","meta":{"om_disable_all_campaigns":false,"_monsterinsights_skip_tracking":false,"_monsterinsights_sitenote_active":false,"_monsterinsights_sitenote_note":"","_monsterinsights_sitenote_category":0},"_links":{"self":[{"href":"https:\/\/sucursalsalsa.com\/index.php\/wp-json\/wp\/v2\/pages\/27"}],"collection":[{"href":"https:\/\/sucursalsalsa.com\/index.php\/wp-json\/wp\/v2\/pages"}],"about":[{"href":"https:\/\/sucursalsalsa.com\/index.php\/wp-json\/wp\/v2\/types\/page"}],"author":[{"embeddable":true,"href":"https:\/\/sucursalsalsa.com\/index.php\/wp-json\/wp\/v2\/users\/1"}],"replies":[{"embeddable":true,"href":"https:\/\/sucursalsalsa.com\/index.php\/wp-json\/wp\/v2\/comments?post=27"}],"version-history":[{"count":44,"href":"https:\/\/sucursalsalsa.com\/index.php\/wp-json\/wp\/v2\/pages\/27\/revisions"}],"predecessor-version":[{"id":93,"href":"https:\/\/sucursalsalsa.com\/index.php\/wp-json\/wp\/v2\/pages\/27\/revisions\/93"}],"wp:attachment":[{"href":"https:\/\/sucursalsalsa.com\/index.php\/wp-json\/wp\/v2\/media?parent=27"}],"curies":[{"name":"wp","href":"https:\/\/api.w.org\/{rel}","templated":true}]}}